{"id":4389,"date":"2018-08-21T08:41:47","date_gmt":"2018-08-21T06:41:47","guid":{"rendered":"https:\/\/www.soroom-hotel.com\/politique-de-confidentialite\/"},"modified":"2021-11-09T11:48:29","modified_gmt":"2021-11-09T10:48:29","slug":"privacy-policy","status":"publish","type":"page","link":"https:\/\/www.soroom-hotel.com\/en\/privacy-policy\/","title":{"rendered":"Privacy Policy"},"content":{"rendered":"\n<p>La pr\u00e9sente Charte de Confidentialit\u00e9 s&#8217;applique \u00e0 toutes sortes d&#8217;informations que nous recueillons au travers de notre site internet www.soroom-hotel.com, ainsi qu&#8217;\u00e0 travers les diff\u00e9rents r\u00e9seaux sociaux que nous utilisons.<\/p>\n\n\n\n<p>Cette charte de Confidentialit\u00e9 s&#8217;applique \u00e9galement aux donn\u00e9es \u00e9ventuellement collect\u00e9es lors d&#8217;un appel t\u00e9l\u00e9phonique ou lors d&#8217;un contact par mail \u00e0 notre service client.<\/p>\n\n\n\n<p>La pr\u00e9sente Charte est susceptible d&#8217;\u00e9voluer dans le temps. Nous vous invitons \u00e0 la consulter r\u00e9guli\u00e8rement pour conna\u00eetre les derni\u00e8res mises \u00e0 jour.<\/p>\n\n\n\n<h2 class=\"wp-block-heading\">Qui sommes-nous ?<\/h2>\n\n\n\n<p><strong>NDDC SAS<\/strong> est propri\u00e9taire du site <a href=\"\/\">www.SoRoom-hotel.com<\/a> et vend des chambres d\u2019H\u00f4tel pendant une plage horaire au cours de la journ\u00e9e.<\/p>\n\n\n\n<p><strong>NDDC SAS<\/strong> est l&#8217;entit\u00e9 responsable du traitement des donn\u00e9es personnelles tel que d\u00e9crit dans la pr\u00e9sente Charte de Confidentialit\u00e9. NDDC est une soci\u00e9t\u00e9 par actions simplifi\u00e9e, sp\u00e9cialis\u00e9e dans le secteur d&#8217;activit\u00e9 des autres services de r\u00e9servation et activit\u00e9s connexes, qui est immatricul\u00e9e en France sous le n\u00b0 de SIREN 813 708 161. Son si\u00e8ge se trouve \u00e0 cette adresse : 21 RUE DE FECAMP 75012 PARIS, France.<\/p>\n\n\n\n<p>Si vous avez des questions \u00e0 propos de notre Politique de Confidentialit\u00e9 ou du traitement de vos donn\u00e9es personnelles, contactez notre responsable de la protection des donn\u00e9es par courrier \u00e0 l\u2019adresse susvis\u00e9e ou par mail \u00e0 l&#8217;adresse contact(@)soroom-hotel.com.<\/p>\n\n\n\n<h2 class=\"wp-block-heading\">Utilisation des donn\u00e9es personnelles collect\u00e9es<\/h2>\n\n\n\n<h3 class=\"wp-block-heading\">Quels types de donn\u00e9es collectons nous ?<\/h3>\n\n\n\n<p>Aucune information personnelle n\u2019est collect\u00e9e \u00e0 votre insu via les diff\u00e9rents formulaires de contact pr\u00e9sents sur ce site internet.<\/p>\n\n\n\n<p><strong>Formulaire de contact :&nbsp;<\/strong><br>Si vous utilisez l&#8217;un des formulaires de contact pr\u00e9sents sur notre site internet pour nous contacter, seules les donn\u00e9es pr\u00e9sentes dans le dit formulaire nous seront transmises. Seuls les champs identifi\u00e9s par un ast\u00e9risque (*) seront obligatoires. Ces donn\u00e9es ne seront conserv\u00e9es que le temps de traiter votre demande et ne seront transmises \u00e0 aucun tiers.<\/p>\n\n\n\n<p><strong>R\u00e9servation en ligne :<br><\/strong>Lors d&#8217;une r\u00e9servation, seules les donn\u00e9es n\u00e9cessaires \u00e0 la r\u00e9servation de votre chambre vous seront demand\u00e9es. D&#8217;autres informations peuvent \u00eatre automatiquement collect\u00e9es comme votre adresse IP ou la date et l&#8217;heure de votre r\u00e9servation.<\/p>\n\n\n\n<h3 class=\"wp-block-heading\">Pourquoi collectons-nous ces donn\u00e9es ?<\/h3>\n\n\n\n<p>Certaines donn\u00e9es personnelles telles que vos noms, pr\u00e9noms, et email sont indispensables lors du processus de r\u00e9servation d&#8217;une chambre. Elles nous sont donc utiles pour la gestion de votre r\u00e9servation et pour assurer notre service client.<\/p>\n\n\n\n<p>Si vous utilisez l&#8217;un de nos formulaires de contact, les informations recueillies nous sont utiles pour vous r\u00e9pondre et traiter au mieux votre demande.<\/p>\n\n\n\n<h3 class=\"wp-block-heading\">Dur\u00e9e de conservation des donn\u00e9es<\/h3>\n\n\n\n<p>Les donn\u00e9es recueillies via les diff\u00e9rents formulaires de contact ne sont conserv\u00e9es que le temps de traiter votre demande.<\/p>\n\n\n\n<h3 class=\"wp-block-heading\">Transmission des donn\u00e9es personnelles<\/h3>\n\n\n\n<p>NDDC s\u2019engage \u00e0 ne communiquer les informations personnelles collect\u00e9es sur son site qu\u2019\u00e0 l\u2019<strong>H\u00f4tel aupr\u00e8s duquel la r\u00e9servation a \u00e9t\u00e9 effectu\u00e9e<\/strong> ainsi qu&#8217;\u00e0 <strong>Novaresa<\/strong>, qui est l&#8217;outil utilis\u00e9 pour g\u00e9rer la r\u00e9servation en ligne.<\/p>\n\n\n\n<p>Dans le cadre de notre partenariat avec <strong>Avis-V\u00e9rifi\u00e9s<\/strong>, certaines des donn\u00e9es transmises lors de la r\u00e9servation d&#8217;une chambre pourront \u00eatre transmises (Nom, pr\u00e9nom, Email, date et r\u00e9f\u00e9rence de la commande, chambre r\u00e9serv\u00e9e). Ce partenariat nous permet de recueillir les avis de nos clients apr\u00e8s leur s\u00e9jour et ainsi am\u00e9liorer nos services et r\u00e9pondre au mieux aux attentes de nos clients. Le site Avis V\u00e9rifi\u00e9s est conforme au RGPD (voir la <a href=\"https:\/\/www.avis-verifies.com\/index.php?page=mod_regles_confidentialites\" target=\"_blank\" rel=\"noreferrer noopener\">politique de confidentialit\u00e9<\/a>)<\/p>\n\n\n\n<h3 class=\"wp-block-heading\">Protection des donn\u00e9es personnelles<\/h3>\n\n\n\n<p>NDDC s\u2019assure que toutes les lois (21 juin 2014 sur la confiance dans l\u2019\u00e9conomie num\u00e9rique) et r\u00e8glements relatifs \u00e0 la protection des donn\u00e9es et la confidentialit\u00e9 (loi 78-17 relative \u00e0 l\u2019informatique, aux fichiers et aux libert\u00e9s du 6 janvier 1978 article 34) ont \u00e9t\u00e9 respect\u00e9es (pour toutes demandes veuillez nous \u00e9crire au 21 rue F\u00e9camp, Paris 75012 ou \u00e0 la boite contact(@)soroom-hotel.com), num\u00e9ro de d\u00e9claration CNIL : 1909016 v 0.<\/p>\n\n\n\n<p>Seul le personnel habilit\u00e9 est autoris\u00e9, dans le cadre de son travail, \u00e0 acc\u00e9der \u00e0 vos donn\u00e9es personnelles.<\/p>\n\n\n\n<h3 class=\"wp-block-heading\">Droits que vous avez sur vos donn\u00e9es<\/h3>\n\n\n\n<p>Conform\u00e9ment \u00e0 la loi Informatique et Libert\u00e9s du 6 janvier 1978 modifi\u00e9e, et le R\u00e8glement Europ\u00e9en G\u00e9n\u00e9ral sur la Protection des Donn\u00e9es 2016\/679 (RGPD), vous disposez des droits d\u2019acc\u00e8s, de rectification et de suppression des donn\u00e9es personnelles vous concernant que vous pouvez exercer en utilisant le <a href=\"\/contact\/\" target=\"_blank\" rel=\"noreferrer noopener\">formulaire de contact<\/a> ou en envoyant un mails \u00e0 l&#8217;adresse&nbsp;contact(@)soroom-hotel.com.<\/p>\n\n\n\n<h2 class=\"wp-block-heading\">Politique de Cookies<\/h2>\n\n\n\n<h3 class=\"wp-block-heading\">Qu&#8217;est-ce qu&#8217;un cookie ?<\/h3>\n\n\n\n<p>Les cookies sont de petits fichiers d\u00e9pos\u00e9s sur votre ordinateur le temps de votre visite sur notre site internet.&nbsp;Ces fichiers contiennent des informations que le site internet utilise pour rendre la communication entre vous et votre navigateur plus efficace.<\/p>\n\n\n\n<h3 class=\"wp-block-heading\">Pourquoi utilisons nous des cookies ?<\/h3>\n\n\n\n<p>Le site soroom-hotel.com utilise des cookies pour l\u2019analyse statistique du comportement de l\u2019ensemble de ses utilisateurs. Les cookies sont \u00e9galement utilis\u00e9s&nbsp;lors de votre navigation pour stocker votre recherche (devise utilis\u00e9e, ordre d&#8217;affichage des h\u00f4tels, langue du site, etc &#8230;). Ces derniers sont temporaires et sont supprim\u00e9s lorsque vous quittez notre site internet.<\/p>\n\n\n\n<h3 class=\"wp-block-heading\">Quels sont les cookies utilis\u00e9s sur notre site ?<\/h3>\n\n\n\n<p><strong>Tarteaucitron<\/strong>&nbsp;: Nous utilisons le script de tarteaucitron afin de g\u00e9rer les cookies sur notre site internet.<br>Ce module vous permet \u00e0 tout moment de d\u00e9cider d\u2019accepter ou non les cookies utilis\u00e9s sur notre site internet en cliquant en bas \u00e0 gauche sur le bouton \u00ab&nbsp;Gestion des Services&nbsp;\u00bb.<\/p>\n\n\n\n<ul class=\"wp-block-list\"><li>Conditions G\u00e9n\u00e9rales de vente du service :&nbsp;<a href=\"https:\/\/opt-out.ferank.eu\/mentions\/\" target=\"_blank\" rel=\"noreferrer noopener\">https:\/\/opt-out.ferank.eu\/mentions\/<\/a><\/li><\/ul>\n\n\n\n<p><strong>Cookies de tiers :<\/strong><\/p>\n\n\n\n<ul class=\"wp-block-list\"><li><strong>Google Analytics<\/strong>&nbsp;:&nbsp;Ce site utilise les services d\u2019analyse web Google Analytics de la soci\u00e9t\u00e9 Google In. (\u00ab&nbsp;Google&nbsp;\u00bb).<ul><li>Conditions G\u00e9n\u00e9rales consultables sur&nbsp;<a href=\"https:\/\/www.google.com\/analytics\/terms\/\">https:\/\/www.google.com\/analytics\/terms\/<\/a><\/li><li>Politique de confidentialit\u00e9 consultable sur&nbsp;<a href=\"https:\/\/policies.google.com\/privacy?hl=fr\" target=\"_blank\" rel=\"noreferrer noopener\">https:\/\/policies.google.com\/privacy?hl=fr<\/a><\/li><li>Donn\u00e9es collect\u00e9es: Pages visit\u00e9es, clics sur des rubriques particuli\u00e8res, origine de la visite (campagne marketing, Google\u2026), infos sur les recherches.<\/li><li>&nbsp;Finalit\u00e9: Analyse du comportement des utilisateurs par rapport aux param\u00e8tres indiqu\u00e9s \u00e0 l\u2019aide des donn\u00e9es collect\u00e9es gr\u00e2ce aux cookies.<\/li><li>&nbsp;D\u00e9sactivation: en cliquant sur \u00ab&nbsp;Gestion des services&nbsp;\u00bb, en configurant votre navigateur (*) ou gr\u00e2ce au plugin suivant&nbsp;<a href=\"https:\/\/tools.google.com\/dlpage\/gaoptout\" target=\"_blank\" rel=\"noreferrer noopener\">https:\/\/tools.google.com\/dlpage\/gaoptout<\/a><\/li><\/ul><\/li><li><strong>reCAPTCHA :<br><\/strong>Nous utilisons le service reCAPTCHA de Google Inc. (Google) pour prot\u00e9ger les entr\u00e9es des formulaires sur votre site. Ce service est utilis\u00e9 pour diff\u00e9rencier les entr\u00e9es faites par un \u00eatre humain des abus automatis\u00e9s. Cela implique l\u2019envoi de l\u2019adresse IP et \u00e9ventuellement d\u2019autres donn\u00e9es requises par Google pour le service reCAPTCHA. Pour plus d\u2019informations concernant la politique de confidentialit\u00e9 de Google, rendez-vous sur la page :&nbsp;<a href=\"https:\/\/www.google.com\/intl\/fr\/policies\/privacy\/\" target=\"_blank\" rel=\"noreferrer noopener\">https:\/\/www.google.com\/intl\/fr\/policies\/privacy\/<\/a><br>En utilisant le service reCAPTCHA, vous consentez au traitement des donn\u00e9es vous concernant par Google, de la mani\u00e8re et aux fins \u00e9nonc\u00e9es ci-dessus.<\/li><li><strong>Zendesk<\/strong> :<ul><li>Politique de confidentialit\u00e9 consultable sur&nbsp;<a href=\"https:\/\/www.zendesk.fr\/company\/policies-procedures\/cookie-policy\/\">https:\/\/www.zendesk.fr\/company\/policies-procedures\/cookie-policy\/<\/a><\/li><li>Finalit\u00e9: Nous permet de communiquer avec vous directement depuis notre site internet gr\u00e2ce au module de tchat en ligne.<\/li><li>D\u00e9sactivation gr\u00e2ce aux param\u00e9trages de votre navigateur (*)<\/li><\/ul><\/li><\/ul>\n\n\n\n<p>NDDC&nbsp;d\u00e9cline toute responsabilit\u00e9 quant au contenu et \u00e0 l\u2019exactitude des politiques de confidentialit\u00e9 de tiers figurant dans la pr\u00e9sente politique de cookies.<\/p>\n\n\n\n<h3 class=\"wp-block-heading\">Comment g\u00e9rer les cookies ?<\/h3>\n\n\n\n<p>Vous pouvez \u00e0 tout moment d\u00e9sactiver l\u2019utilisation des cookies en cliquant en bas \u00e0 gauche sur \u00ab&nbsp;Gestion des services&nbsp;\u00bb, ou en modifiant les param\u00e8tres de votre navigateur. Si vous d\u00e9sactivez ces cookies, le site web pourra continuer \u00e0 fonctionner. Toutefois, votre attention est attir\u00e9e sur le fait que les informations collect\u00e9es gr\u00e2ce \u00e0 ces outils nous permettent d\u2019am\u00e9liorer nos services.<\/p>\n\n\n\n<p>(*) Vous pouvez \u00e0 tout moment d\u00e9sactiver les cookies dans les param\u00e8tres de votre navigateur :<\/p>\n\n\n\n<ul class=\"wp-block-list\"><li>Chrome :&nbsp;<a href=\"https:\/\/support.google.com\/chrome\/answer\/95647?hl=fr\" target=\"_blank\" rel=\"noreferrer noopener\">https:\/\/support.google.com\/chrome\/answer\/95647?hl=fr<\/a><\/li><li>Internet Explorer :&nbsp;<a href=\"https:\/\/support.microsoft.com\/fr-fr\/help\/17442\/windows-internet-explorer-delete-manage-cookies\" target=\"_blank\" rel=\"noreferrer noopener\">https:\/\/support.microsoft.com\/fr-fr\/help\/17442\/windows-internet-explorer-delete-manage-cookies<\/a><\/li><li>Firefox :&nbsp;<a href=\"https:\/\/support.mozilla.org\/en-US\/kb\/enable-and-disable-cookies-website-preferences\">https:\/\/support.mozilla.org\/en-US\/kb\/enable-and-disable-cookies-website-preferences<\/a><\/li><li>Safari :&nbsp;<a href=\"https:\/\/support.apple.com\/en-gb\/guide\/safari\/sfri11471\/mac\" target=\"_blank\" rel=\"noreferrer noopener\">https:\/\/support.apple.com\/en-gb\/guide\/safari\/sfri11471\/mac<\/a><\/li><\/ul>\n\n\n\n<h2 class=\"wp-block-heading\">Contenu embarqu\u00e9 depuis d\u2019autres sites<\/h2>\n\n\n\n<p>Les articles de ce site peuvent inclure des contenus int\u00e9gr\u00e9s (par exemple des vid\u00e9os, images, articles\u2026). Le contenu int\u00e9gr\u00e9 depuis d\u2019autres sites se comporte de la m\u00eame mani\u00e8re que si le visiteur se rendait sur cet autre site.<\/p>\n\n\n\n<p>Ces sites web pourraient collecter des donn\u00e9es sur vous, utiliser des cookies, embarquer des outils de suivis tiers, suivre vos interactions avec ces contenus embarqu\u00e9s si vous disposez d\u2019un compte connect\u00e9 sur leur site web.<\/p>\n","protected":false},"excerpt":{"rendered":"<p>La pr\u00e9sente Charte de Confidentialit\u00e9 s&#8217;applique \u00e0 toutes sortes d&#8217;informations que nous recueillons au travers de notre site internet www.soroom-hotel.com, ainsi qu&#8217;\u00e0 travers les diff\u00e9rents r\u00e9seaux sociaux que nous utilisons. Cette charte de Confidentialit\u00e9 s&#8217;applique \u00e9galement aux donn\u00e9es \u00e9ventuellement collect\u00e9es lors d&#8217;un appel t\u00e9l\u00e9phonique ou lors d&#8217;un contact par mail [&hellip;]<\/p>\n","protected":false},"author":1,"featured_media":0,"parent":0,"menu_order":0,"comment_status":"closed","ping_status":"closed","template":"page-theme.php","meta":{"_acf_changed":false,"_seopress_robots_primary_cat":"","_seopress_titles_title":"","_seopress_titles_desc":"","_seopress_robots_index":"yes","footnotes":""},"class_list":["post-4389","page","type-page","status-publish"],"acf":[],"_links":{"self":[{"href":"https:\/\/www.soroom-hotel.com\/en\/wp-json\/wp\/v2\/pages\/4389","targetHints":{"allow":["GET"]}}],"collection":[{"href":"https:\/\/www.soroom-hotel.com\/en\/wp-json\/wp\/v2\/pages"}],"about":[{"href":"https:\/\/www.soroom-hotel.com\/en\/wp-json\/wp\/v2\/types\/page"}],"author":[{"embeddable":true,"href":"https:\/\/www.soroom-hotel.com\/en\/wp-json\/wp\/v2\/users\/1"}],"replies":[{"embeddable":true,"href":"https:\/\/www.soroom-hotel.com\/en\/wp-json\/wp\/v2\/comments?post=4389"}],"version-history":[{"count":0,"href":"https:\/\/www.soroom-hotel.com\/en\/wp-json\/wp\/v2\/pages\/4389\/revisions"}],"wp:attachment":[{"href":"https:\/\/www.soroom-hotel.com\/en\/wp-json\/wp\/v2\/media?parent=4389"}],"curies":[{"name":"wp","href":"https:\/\/api.w.org\/{rel}","templated":true}]}}